{"id":1073,"date":"2025-03-31T17:33:18","date_gmt":"2025-03-31T15:33:18","guid":{"rendered":"https:\/\/museebiblioarbaud.fr\/?page_id=1073"},"modified":"2025-11-25T15:26:21","modified_gmt":"2025-11-25T14:26:21","slug":"elementor-page-1073","status":"publish","type":"page","link":"https:\/\/museebiblioarbaud.fr\/index.php\/elementor-page-1073\/","title":{"rendered":"Contact"},"content":{"rendered":"\t\t<div data-elementor-type=\"wp-page\" data-elementor-id=\"1073\" class=\"elementor elementor-1073\">\n\t\t\t\t<div class=\"elementor-element elementor-element-06a2a1f e-con-full e-flex e-con e-parent\" data-id=\"06a2a1f\" data-element_type=\"container\" data-e-type=\"container\">\n\t\t\t\t<div class=\"elementor-element elementor-element-c94be4e elementor-widget__width-inherit e-transform e-transform elementor-invisible elementor-widget elementor-widget-image\" data-id=\"c94be4e\" data-element_type=\"widget\" data-e-type=\"widget\" data-settings=\"{&quot;_animation&quot;:&quot;fadeInDown&quot;,&quot;_transform_translateX_effect&quot;:{&quot;unit&quot;:&quot;px&quot;,&quot;size&quot;:0,&quot;sizes&quot;:[]},&quot;_transform_translateX_effect_tablet&quot;:{&quot;unit&quot;:&quot;px&quot;,&quot;size&quot;:&quot;&quot;,&quot;sizes&quot;:[]},&quot;_transform_translateX_effect_mobile&quot;:{&quot;unit&quot;:&quot;px&quot;,&quot;size&quot;:&quot;&quot;,&quot;sizes&quot;:[]},&quot;_transform_translateY_effect&quot;:{&quot;unit&quot;:&quot;px&quot;,&quot;size&quot;:&quot;&quot;,&quot;sizes&quot;:[]},&quot;_transform_translateY_effect_tablet&quot;:{&quot;unit&quot;:&quot;px&quot;,&quot;size&quot;:&quot;&quot;,&quot;sizes&quot;:[]},&quot;_transform_translateY_effect_mobile&quot;:{&quot;unit&quot;:&quot;px&quot;,&quot;size&quot;:&quot;&quot;,&quot;sizes&quot;:[]},&quot;_transform_scale_effect&quot;:{&quot;unit&quot;:&quot;px&quot;,&quot;size&quot;:&quot;&quot;,&quot;sizes&quot;:[]},&quot;_transform_scale_effect_tablet&quot;:{&quot;unit&quot;:&quot;px&quot;,&quot;size&quot;:&quot;&quot;,&quot;sizes&quot;:[]},&quot;_transform_scale_effect_mobile&quot;:{&quot;unit&quot;:&quot;px&quot;,&quot;size&quot;:&quot;&quot;,&quot;sizes&quot;:[]}}\" data-widget_type=\"image.default\">\n\t\t\t\t<div class=\"elementor-widget-container\">\n\t\t\t\t\t\t\t\t\t\t\t\t\t\t\t<img fetchpriority=\"high\" decoding=\"async\" width=\"1048\" height=\"369\" src=\"https:\/\/museebiblioarbaud.fr\/wp-content\/uploads\/LIVRE_musee_arbaud.jpg\" class=\"attachment-full size-full wp-image-1079\" alt=\"\" srcset=\"https:\/\/museebiblioarbaud.fr\/wp-content\/uploads\/LIVRE_musee_arbaud.jpg 1048w, https:\/\/museebiblioarbaud.fr\/wp-content\/uploads\/LIVRE_musee_arbaud-300x106.jpg 300w, https:\/\/museebiblioarbaud.fr\/wp-content\/uploads\/LIVRE_musee_arbaud-1024x361.jpg 1024w, https:\/\/museebiblioarbaud.fr\/wp-content\/uploads\/LIVRE_musee_arbaud-768x270.jpg 768w\" sizes=\"(max-width: 1048px) 100vw, 1048px\" \/>\t\t\t\t\t\t\t\t\t\t\t\t\t\t\t<\/div>\n\t\t\t\t<\/div>\n\t\t\t\t<\/div>\n\t\t<div class=\"elementor-element elementor-element-851e0a9 e-flex e-con-boxed e-con e-parent\" data-id=\"851e0a9\" data-element_type=\"container\" data-e-type=\"container\">\n\t\t\t\t\t<div class=\"e-con-inner\">\n\t\t\t\t<div class=\"elementor-element elementor-element-937970e elementor-widget elementor-widget-spacer\" data-id=\"937970e\" data-element_type=\"widget\" data-e-type=\"widget\" data-widget_type=\"spacer.default\">\n\t\t\t\t<div class=\"elementor-widget-container\">\n\t\t\t\t\t\t\t<div class=\"elementor-spacer\">\n\t\t\t<div class=\"elementor-spacer-inner\"><\/div>\n\t\t<\/div>\n\t\t\t\t\t\t<\/div>\n\t\t\t\t<\/div>\n\t\t\t\t<div class=\"elementor-element elementor-element-436a112 elementor-widget elementor-widget-heading\" data-id=\"436a112\" data-element_type=\"widget\" data-e-type=\"widget\" data-widget_type=\"heading.default\">\n\t\t\t\t<div class=\"elementor-widget-container\">\n\t\t\t\t\t<h2 class=\"elementor-heading-title elementor-size-default\">Contact<\/h2>\t\t\t\t<\/div>\n\t\t\t\t<\/div>\n\t\t\t\t<div class=\"elementor-element elementor-element-d539061 elementor-widget elementor-widget-spacer\" data-id=\"d539061\" data-element_type=\"widget\" data-e-type=\"widget\" data-widget_type=\"spacer.default\">\n\t\t\t\t<div class=\"elementor-widget-container\">\n\t\t\t\t\t\t\t<div class=\"elementor-spacer\">\n\t\t\t<div class=\"elementor-spacer-inner\"><\/div>\n\t\t<\/div>\n\t\t\t\t\t\t<\/div>\n\t\t\t\t<\/div>\n\t\t\t\t<div class=\"elementor-element elementor-element-7cedc30 elementor-widget elementor-widget-text-editor\" data-id=\"7cedc30\" data-element_type=\"widget\" data-e-type=\"widget\" data-widget_type=\"text-editor.default\">\n\t\t\t\t<div class=\"elementor-widget-container\">\n\t\t\t\t\t\t\t\t\t<p>Vous pouvez nous envoyer un e-mail \u00e0 :<\/p><p><a href=\"mailto:museepaularbaud@gmail.com\">museepaularbaud@gmail.com<\/a><\/p>\t\t\t\t\t\t\t\t<\/div>\n\t\t\t\t<\/div>\n\t\t\t\t\t<\/div>\n\t\t\t\t<\/div>\n\t\t\t\t<\/div>\n\t\t","protected":false},"excerpt":{"rendered":"<p>Contact Vous pouvez nous envoyer un e-mail \u00e0 : museepaularbaud@gmail.com<\/p>\n","protected":false},"author":1,"featured_media":0,"parent":0,"menu_order":0,"comment_status":"closed","ping_status":"closed","template":"","meta":{"footnotes":""},"class_list":["post-1073","page","type-page","status-publish","hentry","entry"],"yoast_head":"<!-- This site is optimized with the Yoast SEO plugin v27.3 - https:\/\/yoast.com\/product\/yoast-seo-wordpress\/ -->\n<title>Contact - Mus\u00e9e-biblioth\u00e8que Paul-Arbaud<\/title>\n<meta name=\"robots\" content=\"index, follow, max-snippet:-1, max-image-preview:large, max-video-preview:-1\" \/>\n<link rel=\"canonical\" href=\"https:\/\/museebiblioarbaud.fr\/index.php\/elementor-page-1073\/\" \/>\n<meta property=\"og:locale\" content=\"fr_FR\" \/>\n<meta property=\"og:type\" content=\"article\" \/>\n<meta property=\"og:title\" content=\"Contact - Mus\u00e9e-biblioth\u00e8que Paul-Arbaud\" \/>\n<meta property=\"og:description\" content=\"Contact Vous pouvez nous envoyer un e-mail \u00e0 : museepaularbaud@gmail.com\" \/>\n<meta property=\"og:url\" content=\"https:\/\/museebiblioarbaud.fr\/index.php\/elementor-page-1073\/\" \/>\n<meta property=\"og:site_name\" content=\"Mus\u00e9e-biblioth\u00e8que Paul-Arbaud\" \/>\n<meta property=\"article:modified_time\" content=\"2025-11-25T14:26:21+00:00\" \/>\n<meta property=\"og:image\" content=\"https:\/\/museebiblioarbaud.fr\/wp-content\/uploads\/LIVRE_musee_arbaud.jpg\" \/>\n\t<meta property=\"og:image:width\" content=\"1048\" \/>\n\t<meta property=\"og:image:height\" content=\"369\" \/>\n\t<meta property=\"og:image:type\" content=\"image\/jpeg\" \/>\n<meta name=\"twitter:card\" content=\"summary_large_image\" \/>\n<meta name=\"twitter:label1\" content=\"Dur\u00e9e de lecture estim\u00e9e\" \/>\n\t<meta name=\"twitter:data1\" content=\"1 minute\" \/>\n<script type=\"application\/ld+json\" class=\"yoast-schema-graph\">{\"@context\":\"https:\\\/\\\/schema.org\",\"@graph\":[{\"@type\":\"WebPage\",\"@id\":\"https:\\\/\\\/museebiblioarbaud.fr\\\/index.php\\\/elementor-page-1073\\\/\",\"url\":\"https:\\\/\\\/museebiblioarbaud.fr\\\/index.php\\\/elementor-page-1073\\\/\",\"name\":\"Contact - Mus\u00e9e-biblioth\u00e8que Paul-Arbaud\",\"isPartOf\":{\"@id\":\"https:\\\/\\\/museebiblioarbaud.fr\\\/#website\"},\"primaryImageOfPage\":{\"@id\":\"https:\\\/\\\/museebiblioarbaud.fr\\\/index.php\\\/elementor-page-1073\\\/#primaryimage\"},\"image\":{\"@id\":\"https:\\\/\\\/museebiblioarbaud.fr\\\/index.php\\\/elementor-page-1073\\\/#primaryimage\"},\"thumbnailUrl\":\"https:\\\/\\\/museebiblioarbaud.fr\\\/wp-content\\\/uploads\\\/LIVRE_musee_arbaud.jpg\",\"datePublished\":\"2025-03-31T15:33:18+00:00\",\"dateModified\":\"2025-11-25T14:26:21+00:00\",\"breadcrumb\":{\"@id\":\"https:\\\/\\\/museebiblioarbaud.fr\\\/index.php\\\/elementor-page-1073\\\/#breadcrumb\"},\"inLanguage\":\"fr-FR\",\"potentialAction\":[{\"@type\":\"ReadAction\",\"target\":[\"https:\\\/\\\/museebiblioarbaud.fr\\\/index.php\\\/elementor-page-1073\\\/\"]}]},{\"@type\":\"ImageObject\",\"inLanguage\":\"fr-FR\",\"@id\":\"https:\\\/\\\/museebiblioarbaud.fr\\\/index.php\\\/elementor-page-1073\\\/#primaryimage\",\"url\":\"https:\\\/\\\/museebiblioarbaud.fr\\\/wp-content\\\/uploads\\\/LIVRE_musee_arbaud.jpg\",\"contentUrl\":\"https:\\\/\\\/museebiblioarbaud.fr\\\/wp-content\\\/uploads\\\/LIVRE_musee_arbaud.jpg\",\"width\":1048,\"height\":369},{\"@type\":\"BreadcrumbList\",\"@id\":\"https:\\\/\\\/museebiblioarbaud.fr\\\/index.php\\\/elementor-page-1073\\\/#breadcrumb\",\"itemListElement\":[{\"@type\":\"ListItem\",\"position\":1,\"name\":\"Accueil\",\"item\":\"https:\\\/\\\/museebiblioarbaud.fr\\\/\"},{\"@type\":\"ListItem\",\"position\":2,\"name\":\"Contact\"}]},{\"@type\":\"WebSite\",\"@id\":\"https:\\\/\\\/museebiblioarbaud.fr\\\/#website\",\"url\":\"https:\\\/\\\/museebiblioarbaud.fr\\\/\",\"name\":\"Mus\u00e9e biblioth\u00e8que Paul-Arbaud\",\"description\":\"L&#039;h\u00f4tel particulier d&#039;un collectionneur bibliophile du XIXe si\u00e8cle, si\u00e8ge de l&#039;Acad\u00e9mie des sciences, agriculture, arts et belles-lettres d&#039;Aix\",\"publisher\":{\"@id\":\"https:\\\/\\\/museebiblioarbaud.fr\\\/#organization\"},\"potentialAction\":[{\"@type\":\"SearchAction\",\"target\":{\"@type\":\"EntryPoint\",\"urlTemplate\":\"https:\\\/\\\/museebiblioarbaud.fr\\\/?s={search_term_string}\"},\"query-input\":{\"@type\":\"PropertyValueSpecification\",\"valueRequired\":true,\"valueName\":\"search_term_string\"}}],\"inLanguage\":\"fr-FR\"},{\"@type\":\"Organization\",\"@id\":\"https:\\\/\\\/museebiblioarbaud.fr\\\/#organization\",\"name\":\"Mus\u00e9e biblioth\u00e8que Paul-Arbaud\",\"url\":\"https:\\\/\\\/museebiblioarbaud.fr\\\/\",\"logo\":{\"@type\":\"ImageObject\",\"inLanguage\":\"fr-FR\",\"@id\":\"https:\\\/\\\/museebiblioarbaud.fr\\\/#\\\/schema\\\/logo\\\/image\\\/\",\"url\":\"https:\\\/\\\/museebiblioarbaud.fr\\\/wp-content\\\/uploads\\\/logoMBPAdevsite.png\",\"contentUrl\":\"https:\\\/\\\/museebiblioarbaud.fr\\\/wp-content\\\/uploads\\\/logoMBPAdevsite.png\",\"width\":617,\"height\":258,\"caption\":\"Mus\u00e9e biblioth\u00e8que Paul-Arbaud\"},\"image\":{\"@id\":\"https:\\\/\\\/museebiblioarbaud.fr\\\/#\\\/schema\\\/logo\\\/image\\\/\"}}]}<\/script>\n<!-- \/ Yoast SEO plugin. -->","yoast_head_json":{"title":"Contact - Mus\u00e9e-biblioth\u00e8que Paul-Arbaud","robots":{"index":"index","follow":"follow","max-snippet":"max-snippet:-1","max-image-preview":"max-image-preview:large","max-video-preview":"max-video-preview:-1"},"canonical":"https:\/\/museebiblioarbaud.fr\/index.php\/elementor-page-1073\/","og_locale":"fr_FR","og_type":"article","og_title":"Contact - Mus\u00e9e-biblioth\u00e8que Paul-Arbaud","og_description":"Contact Vous pouvez nous envoyer un e-mail \u00e0 : museepaularbaud@gmail.com","og_url":"https:\/\/museebiblioarbaud.fr\/index.php\/elementor-page-1073\/","og_site_name":"Mus\u00e9e-biblioth\u00e8que Paul-Arbaud","article_modified_time":"2025-11-25T14:26:21+00:00","og_image":[{"width":1048,"height":369,"url":"https:\/\/museebiblioarbaud.fr\/wp-content\/uploads\/LIVRE_musee_arbaud.jpg","type":"image\/jpeg"}],"twitter_card":"summary_large_image","twitter_misc":{"Dur\u00e9e de lecture estim\u00e9e":"1 minute"},"schema":{"@context":"https:\/\/schema.org","@graph":[{"@type":"WebPage","@id":"https:\/\/museebiblioarbaud.fr\/index.php\/elementor-page-1073\/","url":"https:\/\/museebiblioarbaud.fr\/index.php\/elementor-page-1073\/","name":"Contact - Mus\u00e9e-biblioth\u00e8que Paul-Arbaud","isPartOf":{"@id":"https:\/\/museebiblioarbaud.fr\/#website"},"primaryImageOfPage":{"@id":"https:\/\/museebiblioarbaud.fr\/index.php\/elementor-page-1073\/#primaryimage"},"image":{"@id":"https:\/\/museebiblioarbaud.fr\/index.php\/elementor-page-1073\/#primaryimage"},"thumbnailUrl":"https:\/\/museebiblioarbaud.fr\/wp-content\/uploads\/LIVRE_musee_arbaud.jpg","datePublished":"2025-03-31T15:33:18+00:00","dateModified":"2025-11-25T14:26:21+00:00","breadcrumb":{"@id":"https:\/\/museebiblioarbaud.fr\/index.php\/elementor-page-1073\/#breadcrumb"},"inLanguage":"fr-FR","potentialAction":[{"@type":"ReadAction","target":["https:\/\/museebiblioarbaud.fr\/index.php\/elementor-page-1073\/"]}]},{"@type":"ImageObject","inLanguage":"fr-FR","@id":"https:\/\/museebiblioarbaud.fr\/index.php\/elementor-page-1073\/#primaryimage","url":"https:\/\/museebiblioarbaud.fr\/wp-content\/uploads\/LIVRE_musee_arbaud.jpg","contentUrl":"https:\/\/museebiblioarbaud.fr\/wp-content\/uploads\/LIVRE_musee_arbaud.jpg","width":1048,"height":369},{"@type":"BreadcrumbList","@id":"https:\/\/museebiblioarbaud.fr\/index.php\/elementor-page-1073\/#breadcrumb","itemListElement":[{"@type":"ListItem","position":1,"name":"Accueil","item":"https:\/\/museebiblioarbaud.fr\/"},{"@type":"ListItem","position":2,"name":"Contact"}]},{"@type":"WebSite","@id":"https:\/\/museebiblioarbaud.fr\/#website","url":"https:\/\/museebiblioarbaud.fr\/","name":"Mus\u00e9e biblioth\u00e8que Paul-Arbaud","description":"L&#039;h\u00f4tel particulier d&#039;un collectionneur bibliophile du XIXe si\u00e8cle, si\u00e8ge de l&#039;Acad\u00e9mie des sciences, agriculture, arts et belles-lettres d&#039;Aix","publisher":{"@id":"https:\/\/museebiblioarbaud.fr\/#organization"},"potentialAction":[{"@type":"SearchAction","target":{"@type":"EntryPoint","urlTemplate":"https:\/\/museebiblioarbaud.fr\/?s={search_term_string}"},"query-input":{"@type":"PropertyValueSpecification","valueRequired":true,"valueName":"search_term_string"}}],"inLanguage":"fr-FR"},{"@type":"Organization","@id":"https:\/\/museebiblioarbaud.fr\/#organization","name":"Mus\u00e9e biblioth\u00e8que Paul-Arbaud","url":"https:\/\/museebiblioarbaud.fr\/","logo":{"@type":"ImageObject","inLanguage":"fr-FR","@id":"https:\/\/museebiblioarbaud.fr\/#\/schema\/logo\/image\/","url":"https:\/\/museebiblioarbaud.fr\/wp-content\/uploads\/logoMBPAdevsite.png","contentUrl":"https:\/\/museebiblioarbaud.fr\/wp-content\/uploads\/logoMBPAdevsite.png","width":617,"height":258,"caption":"Mus\u00e9e biblioth\u00e8que Paul-Arbaud"},"image":{"@id":"https:\/\/museebiblioarbaud.fr\/#\/schema\/logo\/image\/"}}]}},"_links":{"self":[{"href":"https:\/\/museebiblioarbaud.fr\/index.php\/wp-json\/wp\/v2\/pages\/1073","targetHints":{"allow":["GET"]}}],"collection":[{"href":"https:\/\/museebiblioarbaud.fr\/index.php\/wp-json\/wp\/v2\/pages"}],"about":[{"href":"https:\/\/museebiblioarbaud.fr\/index.php\/wp-json\/wp\/v2\/types\/page"}],"author":[{"embeddable":true,"href":"https:\/\/museebiblioarbaud.fr\/index.php\/wp-json\/wp\/v2\/users\/1"}],"replies":[{"embeddable":true,"href":"https:\/\/museebiblioarbaud.fr\/index.php\/wp-json\/wp\/v2\/comments?post=1073"}],"version-history":[{"count":15,"href":"https:\/\/museebiblioarbaud.fr\/index.php\/wp-json\/wp\/v2\/pages\/1073\/revisions"}],"predecessor-version":[{"id":2036,"href":"https:\/\/museebiblioarbaud.fr\/index.php\/wp-json\/wp\/v2\/pages\/1073\/revisions\/2036"}],"wp:attachment":[{"href":"https:\/\/museebiblioarbaud.fr\/index.php\/wp-json\/wp\/v2\/media?parent=1073"}],"curies":[{"name":"wp","href":"https:\/\/api.w.org\/{rel}","templated":true}]}}