{"id":1141,"date":"2025-04-04T16:25:09","date_gmt":"2025-04-04T14:25:09","guid":{"rendered":"https:\/\/museebiblioarbaud.fr\/?page_id=1141"},"modified":"2026-03-13T10:29:32","modified_gmt":"2026-03-13T09:29:32","slug":"les-amis-de-lacademie-daix","status":"publish","type":"page","link":"https:\/\/museebiblioarbaud.fr\/index.php\/les-amis-de-lacademie-daix\/","title":{"rendered":"Les Amis de l&rsquo;Acad\u00e9mie d&rsquo;Aix"},"content":{"rendered":"\t\t<div data-elementor-type=\"wp-page\" data-elementor-id=\"1141\" class=\"elementor elementor-1141\">\n\t\t\t\t<div class=\"elementor-element elementor-element-e7e6ad2 e-con-full e-flex e-con e-parent\" data-id=\"e7e6ad2\" data-element_type=\"container\" data-e-type=\"container\">\n\t\t\t\t<div class=\"elementor-element elementor-element-972313a elementor-widget__width-inherit e-transform e-transform elementor-invisible elementor-widget elementor-widget-image\" data-id=\"972313a\" data-element_type=\"widget\" data-e-type=\"widget\" data-settings=\"{&quot;_animation&quot;:&quot;fadeInDown&quot;,&quot;_transform_translateX_effect&quot;:{&quot;unit&quot;:&quot;px&quot;,&quot;size&quot;:0,&quot;sizes&quot;:[]},&quot;_transform_translateX_effect_tablet&quot;:{&quot;unit&quot;:&quot;px&quot;,&quot;size&quot;:&quot;&quot;,&quot;sizes&quot;:[]},&quot;_transform_translateX_effect_mobile&quot;:{&quot;unit&quot;:&quot;px&quot;,&quot;size&quot;:&quot;&quot;,&quot;sizes&quot;:[]},&quot;_transform_translateY_effect&quot;:{&quot;unit&quot;:&quot;px&quot;,&quot;size&quot;:&quot;&quot;,&quot;sizes&quot;:[]},&quot;_transform_translateY_effect_tablet&quot;:{&quot;unit&quot;:&quot;px&quot;,&quot;size&quot;:&quot;&quot;,&quot;sizes&quot;:[]},&quot;_transform_translateY_effect_mobile&quot;:{&quot;unit&quot;:&quot;px&quot;,&quot;size&quot;:&quot;&quot;,&quot;sizes&quot;:[]},&quot;_transform_scale_effect&quot;:{&quot;unit&quot;:&quot;px&quot;,&quot;size&quot;:&quot;&quot;,&quot;sizes&quot;:[]},&quot;_transform_scale_effect_tablet&quot;:{&quot;unit&quot;:&quot;px&quot;,&quot;size&quot;:&quot;&quot;,&quot;sizes&quot;:[]},&quot;_transform_scale_effect_mobile&quot;:{&quot;unit&quot;:&quot;px&quot;,&quot;size&quot;:&quot;&quot;,&quot;sizes&quot;:[]}}\" data-widget_type=\"image.default\">\n\t\t\t\t<div class=\"elementor-widget-container\">\n\t\t\t\t\t\t\t\t\t\t\t\t\t\t\t<img fetchpriority=\"high\" decoding=\"async\" width=\"1280\" height=\"380\" src=\"https:\/\/museebiblioarbaud.fr\/wp-content\/uploads\/IMG_5069_1-e1744365957380.jpeg\" class=\"attachment-full size-full wp-image-1132\" alt=\"\" srcset=\"https:\/\/museebiblioarbaud.fr\/wp-content\/uploads\/IMG_5069_1-e1744365957380.jpeg 1280w, https:\/\/museebiblioarbaud.fr\/wp-content\/uploads\/IMG_5069_1-e1744365957380-300x89.jpeg 300w, https:\/\/museebiblioarbaud.fr\/wp-content\/uploads\/IMG_5069_1-e1744365957380-1024x304.jpeg 1024w, https:\/\/museebiblioarbaud.fr\/wp-content\/uploads\/IMG_5069_1-e1744365957380-768x228.jpeg 768w\" sizes=\"(max-width: 1280px) 100vw, 1280px\" \/>\t\t\t\t\t\t\t\t\t\t\t\t\t\t\t<\/div>\n\t\t\t\t<\/div>\n\t\t\t\t<div class=\"elementor-element elementor-element-1bb79cd elementor-widget elementor-widget-spacer\" data-id=\"1bb79cd\" data-element_type=\"widget\" data-e-type=\"widget\" data-widget_type=\"spacer.default\">\n\t\t\t\t<div class=\"elementor-widget-container\">\n\t\t\t\t\t\t\t<div class=\"elementor-spacer\">\n\t\t\t<div class=\"elementor-spacer-inner\"><\/div>\n\t\t<\/div>\n\t\t\t\t\t\t<\/div>\n\t\t\t\t<\/div>\n\t\t\t\t<\/div>\n\t\t<div class=\"elementor-element elementor-element-a878d58 e-flex e-con-boxed e-con e-parent\" data-id=\"a878d58\" data-element_type=\"container\" data-e-type=\"container\">\n\t\t\t\t\t<div class=\"e-con-inner\">\n\t\t\t\t<div class=\"elementor-element elementor-element-682b298 elementor-widget elementor-widget-heading\" data-id=\"682b298\" data-element_type=\"widget\" data-e-type=\"widget\" data-widget_type=\"heading.default\">\n\t\t\t\t<div class=\"elementor-widget-container\">\n\t\t\t\t\t<h2 class=\"elementor-heading-title elementor-size-default\">Les Amis de l'Acad\u00e9mie d'Aix et du mus\u00e9e Arbaud<\/h2>\t\t\t\t<\/div>\n\t\t\t\t<\/div>\n\t\t\t\t<div class=\"elementor-element elementor-element-1e8813b elementor-widget elementor-widget-spacer\" data-id=\"1e8813b\" data-element_type=\"widget\" data-e-type=\"widget\" data-widget_type=\"spacer.default\">\n\t\t\t\t<div class=\"elementor-widget-container\">\n\t\t\t\t\t\t\t<div class=\"elementor-spacer\">\n\t\t\t<div class=\"elementor-spacer-inner\"><\/div>\n\t\t<\/div>\n\t\t\t\t\t\t<\/div>\n\t\t\t\t<\/div>\n\t\t\t\t\t<\/div>\n\t\t\t\t<\/div>\n\t\t\t\t<\/div>\n\t\t","protected":false},"excerpt":{"rendered":"<p>Les Amis de l&rsquo;Acad\u00e9mie d&rsquo;Aix et du mus\u00e9e Arbaud<\/p>\n","protected":false},"author":1,"featured_media":0,"parent":0,"menu_order":0,"comment_status":"closed","ping_status":"closed","template":"","meta":{"footnotes":""},"class_list":["post-1141","page","type-page","status-publish","hentry","entry"],"yoast_head":"<!-- This site is optimized with the Yoast SEO plugin v27.3 - https:\/\/yoast.com\/product\/yoast-seo-wordpress\/ -->\n<title>Les Amis de l&#039;Acad\u00e9mie d&#039;Aix - Mus\u00e9e-biblioth\u00e8que Paul-Arbaud<\/title>\n<meta name=\"robots\" content=\"index, follow, max-snippet:-1, max-image-preview:large, max-video-preview:-1\" \/>\n<link rel=\"canonical\" href=\"https:\/\/museebiblioarbaud.fr\/index.php\/les-amis-de-lacademie-daix\/\" \/>\n<meta property=\"og:locale\" content=\"fr_FR\" \/>\n<meta property=\"og:type\" content=\"article\" \/>\n<meta property=\"og:title\" content=\"Les Amis de l&#039;Acad\u00e9mie d&#039;Aix - Mus\u00e9e-biblioth\u00e8que Paul-Arbaud\" \/>\n<meta property=\"og:description\" content=\"Les Amis de l&rsquo;Acad\u00e9mie d&rsquo;Aix et du mus\u00e9e Arbaud\" \/>\n<meta property=\"og:url\" content=\"https:\/\/museebiblioarbaud.fr\/index.php\/les-amis-de-lacademie-daix\/\" \/>\n<meta property=\"og:site_name\" content=\"Mus\u00e9e-biblioth\u00e8que Paul-Arbaud\" \/>\n<meta property=\"article:modified_time\" content=\"2026-03-13T09:29:32+00:00\" \/>\n<meta property=\"og:image\" content=\"https:\/\/museebiblioarbaud.fr\/wp-content\/uploads\/IMG_5069_1-e1744365957380.jpeg\" \/>\n\t<meta property=\"og:image:width\" content=\"1280\" \/>\n\t<meta property=\"og:image:height\" content=\"380\" \/>\n\t<meta property=\"og:image:type\" content=\"image\/jpeg\" \/>\n<meta name=\"twitter:card\" content=\"summary_large_image\" \/>\n<meta name=\"twitter:label1\" content=\"Dur\u00e9e de lecture estim\u00e9e\" \/>\n\t<meta name=\"twitter:data1\" content=\"1 minute\" \/>\n<script type=\"application\/ld+json\" class=\"yoast-schema-graph\">{\"@context\":\"https:\\\/\\\/schema.org\",\"@graph\":[{\"@type\":\"WebPage\",\"@id\":\"https:\\\/\\\/museebiblioarbaud.fr\\\/index.php\\\/les-amis-de-lacademie-daix\\\/\",\"url\":\"https:\\\/\\\/museebiblioarbaud.fr\\\/index.php\\\/les-amis-de-lacademie-daix\\\/\",\"name\":\"Les Amis de l'Acad\u00e9mie d'Aix - Mus\u00e9e-biblioth\u00e8que Paul-Arbaud\",\"isPartOf\":{\"@id\":\"https:\\\/\\\/museebiblioarbaud.fr\\\/#website\"},\"primaryImageOfPage\":{\"@id\":\"https:\\\/\\\/museebiblioarbaud.fr\\\/index.php\\\/les-amis-de-lacademie-daix\\\/#primaryimage\"},\"image\":{\"@id\":\"https:\\\/\\\/museebiblioarbaud.fr\\\/index.php\\\/les-amis-de-lacademie-daix\\\/#primaryimage\"},\"thumbnailUrl\":\"https:\\\/\\\/museebiblioarbaud.fr\\\/wp-content\\\/uploads\\\/IMG_5069_1-e1744365957380.jpeg\",\"datePublished\":\"2025-04-04T14:25:09+00:00\",\"dateModified\":\"2026-03-13T09:29:32+00:00\",\"breadcrumb\":{\"@id\":\"https:\\\/\\\/museebiblioarbaud.fr\\\/index.php\\\/les-amis-de-lacademie-daix\\\/#breadcrumb\"},\"inLanguage\":\"fr-FR\",\"potentialAction\":[{\"@type\":\"ReadAction\",\"target\":[\"https:\\\/\\\/museebiblioarbaud.fr\\\/index.php\\\/les-amis-de-lacademie-daix\\\/\"]}]},{\"@type\":\"ImageObject\",\"inLanguage\":\"fr-FR\",\"@id\":\"https:\\\/\\\/museebiblioarbaud.fr\\\/index.php\\\/les-amis-de-lacademie-daix\\\/#primaryimage\",\"url\":\"https:\\\/\\\/museebiblioarbaud.fr\\\/wp-content\\\/uploads\\\/IMG_5069_1-e1744365957380.jpeg\",\"contentUrl\":\"https:\\\/\\\/museebiblioarbaud.fr\\\/wp-content\\\/uploads\\\/IMG_5069_1-e1744365957380.jpeg\",\"width\":1280,\"height\":380},{\"@type\":\"BreadcrumbList\",\"@id\":\"https:\\\/\\\/museebiblioarbaud.fr\\\/index.php\\\/les-amis-de-lacademie-daix\\\/#breadcrumb\",\"itemListElement\":[{\"@type\":\"ListItem\",\"position\":1,\"name\":\"Accueil\",\"item\":\"https:\\\/\\\/museebiblioarbaud.fr\\\/\"},{\"@type\":\"ListItem\",\"position\":2,\"name\":\"Les Amis de l&rsquo;Acad\u00e9mie d&rsquo;Aix\"}]},{\"@type\":\"WebSite\",\"@id\":\"https:\\\/\\\/museebiblioarbaud.fr\\\/#website\",\"url\":\"https:\\\/\\\/museebiblioarbaud.fr\\\/\",\"name\":\"Mus\u00e9e biblioth\u00e8que Paul-Arbaud\",\"description\":\"L&#039;h\u00f4tel particulier d&#039;un collectionneur bibliophile du XIXe si\u00e8cle, si\u00e8ge de l&#039;Acad\u00e9mie des sciences, agriculture, arts et belles-lettres d&#039;Aix\",\"publisher\":{\"@id\":\"https:\\\/\\\/museebiblioarbaud.fr\\\/#organization\"},\"potentialAction\":[{\"@type\":\"SearchAction\",\"target\":{\"@type\":\"EntryPoint\",\"urlTemplate\":\"https:\\\/\\\/museebiblioarbaud.fr\\\/?s={search_term_string}\"},\"query-input\":{\"@type\":\"PropertyValueSpecification\",\"valueRequired\":true,\"valueName\":\"search_term_string\"}}],\"inLanguage\":\"fr-FR\"},{\"@type\":\"Organization\",\"@id\":\"https:\\\/\\\/museebiblioarbaud.fr\\\/#organization\",\"name\":\"Mus\u00e9e biblioth\u00e8que Paul-Arbaud\",\"url\":\"https:\\\/\\\/museebiblioarbaud.fr\\\/\",\"logo\":{\"@type\":\"ImageObject\",\"inLanguage\":\"fr-FR\",\"@id\":\"https:\\\/\\\/museebiblioarbaud.fr\\\/#\\\/schema\\\/logo\\\/image\\\/\",\"url\":\"https:\\\/\\\/museebiblioarbaud.fr\\\/wp-content\\\/uploads\\\/logoMBPAdevsite.png\",\"contentUrl\":\"https:\\\/\\\/museebiblioarbaud.fr\\\/wp-content\\\/uploads\\\/logoMBPAdevsite.png\",\"width\":617,\"height\":258,\"caption\":\"Mus\u00e9e biblioth\u00e8que Paul-Arbaud\"},\"image\":{\"@id\":\"https:\\\/\\\/museebiblioarbaud.fr\\\/#\\\/schema\\\/logo\\\/image\\\/\"}}]}<\/script>\n<!-- \/ Yoast SEO plugin. -->","yoast_head_json":{"title":"Les Amis de l'Acad\u00e9mie d'Aix - Mus\u00e9e-biblioth\u00e8que Paul-Arbaud","robots":{"index":"index","follow":"follow","max-snippet":"max-snippet:-1","max-image-preview":"max-image-preview:large","max-video-preview":"max-video-preview:-1"},"canonical":"https:\/\/museebiblioarbaud.fr\/index.php\/les-amis-de-lacademie-daix\/","og_locale":"fr_FR","og_type":"article","og_title":"Les Amis de l'Acad\u00e9mie d'Aix - Mus\u00e9e-biblioth\u00e8que Paul-Arbaud","og_description":"Les Amis de l&rsquo;Acad\u00e9mie d&rsquo;Aix et du mus\u00e9e Arbaud","og_url":"https:\/\/museebiblioarbaud.fr\/index.php\/les-amis-de-lacademie-daix\/","og_site_name":"Mus\u00e9e-biblioth\u00e8que Paul-Arbaud","article_modified_time":"2026-03-13T09:29:32+00:00","og_image":[{"width":1280,"height":380,"url":"https:\/\/museebiblioarbaud.fr\/wp-content\/uploads\/IMG_5069_1-e1744365957380.jpeg","type":"image\/jpeg"}],"twitter_card":"summary_large_image","twitter_misc":{"Dur\u00e9e de lecture estim\u00e9e":"1 minute"},"schema":{"@context":"https:\/\/schema.org","@graph":[{"@type":"WebPage","@id":"https:\/\/museebiblioarbaud.fr\/index.php\/les-amis-de-lacademie-daix\/","url":"https:\/\/museebiblioarbaud.fr\/index.php\/les-amis-de-lacademie-daix\/","name":"Les Amis de l'Acad\u00e9mie d'Aix - Mus\u00e9e-biblioth\u00e8que Paul-Arbaud","isPartOf":{"@id":"https:\/\/museebiblioarbaud.fr\/#website"},"primaryImageOfPage":{"@id":"https:\/\/museebiblioarbaud.fr\/index.php\/les-amis-de-lacademie-daix\/#primaryimage"},"image":{"@id":"https:\/\/museebiblioarbaud.fr\/index.php\/les-amis-de-lacademie-daix\/#primaryimage"},"thumbnailUrl":"https:\/\/museebiblioarbaud.fr\/wp-content\/uploads\/IMG_5069_1-e1744365957380.jpeg","datePublished":"2025-04-04T14:25:09+00:00","dateModified":"2026-03-13T09:29:32+00:00","breadcrumb":{"@id":"https:\/\/museebiblioarbaud.fr\/index.php\/les-amis-de-lacademie-daix\/#breadcrumb"},"inLanguage":"fr-FR","potentialAction":[{"@type":"ReadAction","target":["https:\/\/museebiblioarbaud.fr\/index.php\/les-amis-de-lacademie-daix\/"]}]},{"@type":"ImageObject","inLanguage":"fr-FR","@id":"https:\/\/museebiblioarbaud.fr\/index.php\/les-amis-de-lacademie-daix\/#primaryimage","url":"https:\/\/museebiblioarbaud.fr\/wp-content\/uploads\/IMG_5069_1-e1744365957380.jpeg","contentUrl":"https:\/\/museebiblioarbaud.fr\/wp-content\/uploads\/IMG_5069_1-e1744365957380.jpeg","width":1280,"height":380},{"@type":"BreadcrumbList","@id":"https:\/\/museebiblioarbaud.fr\/index.php\/les-amis-de-lacademie-daix\/#breadcrumb","itemListElement":[{"@type":"ListItem","position":1,"name":"Accueil","item":"https:\/\/museebiblioarbaud.fr\/"},{"@type":"ListItem","position":2,"name":"Les Amis de l&rsquo;Acad\u00e9mie d&rsquo;Aix"}]},{"@type":"WebSite","@id":"https:\/\/museebiblioarbaud.fr\/#website","url":"https:\/\/museebiblioarbaud.fr\/","name":"Mus\u00e9e biblioth\u00e8que Paul-Arbaud","description":"L&#039;h\u00f4tel particulier d&#039;un collectionneur bibliophile du XIXe si\u00e8cle, si\u00e8ge de l&#039;Acad\u00e9mie des sciences, agriculture, arts et belles-lettres d&#039;Aix","publisher":{"@id":"https:\/\/museebiblioarbaud.fr\/#organization"},"potentialAction":[{"@type":"SearchAction","target":{"@type":"EntryPoint","urlTemplate":"https:\/\/museebiblioarbaud.fr\/?s={search_term_string}"},"query-input":{"@type":"PropertyValueSpecification","valueRequired":true,"valueName":"search_term_string"}}],"inLanguage":"fr-FR"},{"@type":"Organization","@id":"https:\/\/museebiblioarbaud.fr\/#organization","name":"Mus\u00e9e biblioth\u00e8que Paul-Arbaud","url":"https:\/\/museebiblioarbaud.fr\/","logo":{"@type":"ImageObject","inLanguage":"fr-FR","@id":"https:\/\/museebiblioarbaud.fr\/#\/schema\/logo\/image\/","url":"https:\/\/museebiblioarbaud.fr\/wp-content\/uploads\/logoMBPAdevsite.png","contentUrl":"https:\/\/museebiblioarbaud.fr\/wp-content\/uploads\/logoMBPAdevsite.png","width":617,"height":258,"caption":"Mus\u00e9e biblioth\u00e8que Paul-Arbaud"},"image":{"@id":"https:\/\/museebiblioarbaud.fr\/#\/schema\/logo\/image\/"}}]}},"_links":{"self":[{"href":"https:\/\/museebiblioarbaud.fr\/index.php\/wp-json\/wp\/v2\/pages\/1141","targetHints":{"allow":["GET"]}}],"collection":[{"href":"https:\/\/museebiblioarbaud.fr\/index.php\/wp-json\/wp\/v2\/pages"}],"about":[{"href":"https:\/\/museebiblioarbaud.fr\/index.php\/wp-json\/wp\/v2\/types\/page"}],"author":[{"embeddable":true,"href":"https:\/\/museebiblioarbaud.fr\/index.php\/wp-json\/wp\/v2\/users\/1"}],"replies":[{"embeddable":true,"href":"https:\/\/museebiblioarbaud.fr\/index.php\/wp-json\/wp\/v2\/comments?post=1141"}],"version-history":[{"count":61,"href":"https:\/\/museebiblioarbaud.fr\/index.php\/wp-json\/wp\/v2\/pages\/1141\/revisions"}],"predecessor-version":[{"id":2354,"href":"https:\/\/museebiblioarbaud.fr\/index.php\/wp-json\/wp\/v2\/pages\/1141\/revisions\/2354"}],"wp:attachment":[{"href":"https:\/\/museebiblioarbaud.fr\/index.php\/wp-json\/wp\/v2\/media?parent=1141"}],"curies":[{"name":"wp","href":"https:\/\/api.w.org\/{rel}","templated":true}]}}