{"id":1364,"date":"2025-05-26T17:27:11","date_gmt":"2025-05-26T15:27:11","guid":{"rendered":"https:\/\/museebiblioarbaud.fr\/?page_id=1364"},"modified":"2025-11-25T15:33:39","modified_gmt":"2025-11-25T14:33:39","slug":"academie-daix","status":"publish","type":"page","link":"https:\/\/museebiblioarbaud.fr\/index.php\/academie-daix\/","title":{"rendered":"Acad\u00e9mie d&rsquo;Aix"},"content":{"rendered":"\t\t<div data-elementor-type=\"wp-page\" data-elementor-id=\"1364\" class=\"elementor elementor-1364\">\n\t\t\t\t<div class=\"elementor-element elementor-element-19791df e-con-full e-flex e-con e-parent\" data-id=\"19791df\" data-element_type=\"container\" data-e-type=\"container\">\n\t\t\t\t<div class=\"elementor-element elementor-element-59b1082 elementor-widget__width-inherit e-transform e-transform elementor-invisible elementor-widget elementor-widget-image\" data-id=\"59b1082\" data-element_type=\"widget\" data-e-type=\"widget\" data-settings=\"{&quot;_animation&quot;:&quot;fadeInDown&quot;,&quot;_transform_translateX_effect&quot;:{&quot;unit&quot;:&quot;px&quot;,&quot;size&quot;:0,&quot;sizes&quot;:[]},&quot;_transform_translateX_effect_tablet&quot;:{&quot;unit&quot;:&quot;px&quot;,&quot;size&quot;:&quot;&quot;,&quot;sizes&quot;:[]},&quot;_transform_translateX_effect_mobile&quot;:{&quot;unit&quot;:&quot;px&quot;,&quot;size&quot;:&quot;&quot;,&quot;sizes&quot;:[]},&quot;_transform_translateY_effect&quot;:{&quot;unit&quot;:&quot;px&quot;,&quot;size&quot;:&quot;&quot;,&quot;sizes&quot;:[]},&quot;_transform_translateY_effect_tablet&quot;:{&quot;unit&quot;:&quot;px&quot;,&quot;size&quot;:&quot;&quot;,&quot;sizes&quot;:[]},&quot;_transform_translateY_effect_mobile&quot;:{&quot;unit&quot;:&quot;px&quot;,&quot;size&quot;:&quot;&quot;,&quot;sizes&quot;:[]},&quot;_transform_scale_effect&quot;:{&quot;unit&quot;:&quot;px&quot;,&quot;size&quot;:&quot;&quot;,&quot;sizes&quot;:[]},&quot;_transform_scale_effect_tablet&quot;:{&quot;unit&quot;:&quot;px&quot;,&quot;size&quot;:&quot;&quot;,&quot;sizes&quot;:[]},&quot;_transform_scale_effect_mobile&quot;:{&quot;unit&quot;:&quot;px&quot;,&quot;size&quot;:&quot;&quot;,&quot;sizes&quot;:[]}}\" data-widget_type=\"image.default\">\n\t\t\t\t<div class=\"elementor-widget-container\">\n\t\t\t\t\t\t\t\t\t\t\t\t\t\t\t<img fetchpriority=\"high\" decoding=\"async\" width=\"921\" height=\"333\" src=\"https:\/\/museebiblioarbaud.fr\/wp-content\/uploads\/1808-Basrelief-fondat-Acad.jpg\" class=\"attachment-full size-full wp-image-1392\" alt=\"\" srcset=\"https:\/\/museebiblioarbaud.fr\/wp-content\/uploads\/1808-Basrelief-fondat-Acad.jpg 921w, https:\/\/museebiblioarbaud.fr\/wp-content\/uploads\/1808-Basrelief-fondat-Acad-300x108.jpg 300w, https:\/\/museebiblioarbaud.fr\/wp-content\/uploads\/1808-Basrelief-fondat-Acad-768x278.jpg 768w\" sizes=\"(max-width: 921px) 100vw, 921px\" \/>\t\t\t\t\t\t\t\t\t\t\t\t\t\t\t<\/div>\n\t\t\t\t<\/div>\n\t\t\t\t<div class=\"elementor-element elementor-element-88cb639 elementor-widget elementor-widget-spacer\" data-id=\"88cb639\" data-element_type=\"widget\" data-e-type=\"widget\" data-widget_type=\"spacer.default\">\n\t\t\t\t<div class=\"elementor-widget-container\">\n\t\t\t\t\t\t\t<div class=\"elementor-spacer\">\n\t\t\t<div class=\"elementor-spacer-inner\"><\/div>\n\t\t<\/div>\n\t\t\t\t\t\t<\/div>\n\t\t\t\t<\/div>\n\t\t\t\t<\/div>\n\t\t<div class=\"elementor-element elementor-element-3214899 e-flex e-con-boxed e-con e-parent\" data-id=\"3214899\" data-element_type=\"container\" data-e-type=\"container\">\n\t\t\t\t\t<div class=\"e-con-inner\">\n\t\t\t\t<div class=\"elementor-element elementor-element-79a48de elementor-widget elementor-widget-heading\" data-id=\"79a48de\" data-element_type=\"widget\" data-e-type=\"widget\" data-widget_type=\"heading.default\">\n\t\t\t\t<div class=\"elementor-widget-container\">\n\t\t\t\t\t<h2 class=\"elementor-heading-title elementor-size-default\">L\u2019Acad\u00e9mie des sciences, agriculture, arts et belles-lettres d\u2019Aix<\/h2>\t\t\t\t<\/div>\n\t\t\t\t<\/div>\n\t\t\t\t\t<\/div>\n\t\t\t\t<\/div>\n\t\t<div class=\"elementor-element elementor-element-cc33d6e e-flex e-con-boxed e-con e-parent\" data-id=\"cc33d6e\" data-element_type=\"container\" data-e-type=\"container\">\n\t\t\t\t\t<div class=\"e-con-inner\">\n\t\t<div class=\"elementor-element elementor-element-bb84a96 e-con-full e-flex e-con e-child\" data-id=\"bb84a96\" data-element_type=\"container\" data-e-type=\"container\">\n\t\t\t\t<div class=\"elementor-element elementor-element-26b21a3 elementor-widget elementor-widget-spacer\" data-id=\"26b21a3\" data-element_type=\"widget\" data-e-type=\"widget\" data-widget_type=\"spacer.default\">\n\t\t\t\t<div class=\"elementor-widget-container\">\n\t\t\t\t\t\t\t<div class=\"elementor-spacer\">\n\t\t\t<div class=\"elementor-spacer-inner\"><\/div>\n\t\t<\/div>\n\t\t\t\t\t\t<\/div>\n\t\t\t\t<\/div>\n\t\t\t\t<div class=\"elementor-element elementor-element-a2b45c5 elementor-widget elementor-widget-text-editor\" data-id=\"a2b45c5\" data-element_type=\"widget\" data-e-type=\"widget\" data-widget_type=\"text-editor.default\">\n\t\t\t\t<div class=\"elementor-widget-container\">\n\t\t\t\t\t\t\t\t\t<p class=\"p1\">Une des trente-trois\u00a0acad\u00e9mies de province relevant de la Conf\u00e9rence nationale des Acad\u00e9mies, elle fut reconnue d\u2019utilit\u00e9 publique par ordonnance du roi Charles X en 1829. L\u2019Acad\u00e9mie d\u2019Aix est compos\u00e9e de 40\u00a0membres titulaires, 50\u00a0associ\u00e9s, 70\u00a0correspondants et de membres d\u2019honneur et honoraires et\u2026<\/p><p class=\"p1\">\u25a0 se r\u00e9unit le mardi pour entendre la communication d\u2019un de ses membres\u2009;<\/p><p class=\"p1\">\u25a0 anime, chaque ann\u00e9e en octobre au ch\u00e2teau de Lourmarin, un colloque ouvert \u00e0 tous\u2009;<\/p><p class=\"p1\">\u25a0 \u00e9dite un bulletin regroupant les interventions de l\u2019ann\u00e9e et un recueil des communications du colloque de Lourmarin\u2009;<\/p><p class=\"p1\">\u25a0 publie des ouvrages divers car elle est maison d\u2019\u00e9ditions : Acad\u00e9mie d\u2019Aix \u00c9ditions\u2009;<\/p><p class=\"p1\">\u25a0 en interne, les acad\u00e9miciens disposent de la Lettre hebdomadaire pour assurer un lien et informer des activit\u00e9s. Une plus grande diffusion est assur\u00e9e par Les \u00c9chos de l\u2019Acad\u00e9mie, journal virtuel et culturel ouvert \u00e0 toute personne s\u2019int\u00e9ressant \u00e0 la vie de l\u2019Acad\u00e9mie, du mus\u00e9e et de la biblioth\u00e8que\u2009;<\/p><p class=\"p1\">\u25a0 attribue chaque ann\u00e9e le prix de vertu Blanche d\u2019Estienne de Saint-Jean, les prix litt\u00e9raires\u00a0: Arbaud, Bruno Durand, Mignet, Thiers, ainsi que les prix de Lourmarin et d\u2019Hippone.<\/p>\t\t\t\t\t\t\t\t<\/div>\n\t\t\t\t<\/div>\n\t\t<div class=\"elementor-element elementor-element-12fc381 e-con-full e-flex e-con e-child\" data-id=\"12fc381\" data-element_type=\"container\" data-e-type=\"container\">\n\t\t\t\t<div class=\"elementor-element elementor-element-d1873cd elementor-widget-divider--view-line elementor-widget elementor-widget-divider\" data-id=\"d1873cd\" data-element_type=\"widget\" data-e-type=\"widget\" data-widget_type=\"divider.default\">\n\t\t\t\t<div class=\"elementor-widget-container\">\n\t\t\t\t\t\t\t<div class=\"elementor-divider\">\n\t\t\t<span class=\"elementor-divider-separator\">\n\t\t\t\t\t\t<\/span>\n\t\t<\/div>\n\t\t\t\t\t\t<\/div>\n\t\t\t\t<\/div>\n\t\t\t\t<\/div>\n\t\t\t\t<\/div>\n\t\t\t\t\t<\/div>\n\t\t\t\t<\/div>\n\t\t\t\t<\/div>\n\t\t","protected":false},"excerpt":{"rendered":"<p>L\u2019Acad\u00e9mie des sciences, agriculture, arts et belles-lettres d\u2019Aix Une des trente-trois\u00a0acad\u00e9mies de province relevant de la Conf\u00e9rence nationale des Acad\u00e9mies, elle fut reconnue d\u2019utilit\u00e9 publique par ordonnance du roi Charles X en 1829. L\u2019Acad\u00e9mie d\u2019Aix est compos\u00e9e de 40\u00a0membres titulaires, 50\u00a0associ\u00e9s, 70\u00a0correspondants et de membres d\u2019honneur et honoraires et\u2026 \u25a0 se r\u00e9unit le mardi pour [&hellip;]<\/p>\n","protected":false},"author":1,"featured_media":0,"parent":0,"menu_order":0,"comment_status":"closed","ping_status":"closed","template":"","meta":{"footnotes":""},"class_list":["post-1364","page","type-page","status-publish","hentry","entry"],"yoast_head":"<!-- This site is optimized with the Yoast SEO plugin v27.3 - https:\/\/yoast.com\/product\/yoast-seo-wordpress\/ -->\n<title>Acad\u00e9mie d&#039;Aix - Mus\u00e9e-biblioth\u00e8que Paul-Arbaud<\/title>\n<meta name=\"robots\" content=\"index, follow, max-snippet:-1, max-image-preview:large, max-video-preview:-1\" \/>\n<link rel=\"canonical\" href=\"https:\/\/museebiblioarbaud.fr\/index.php\/academie-daix\/\" \/>\n<meta property=\"og:locale\" content=\"fr_FR\" \/>\n<meta property=\"og:type\" content=\"article\" \/>\n<meta property=\"og:title\" content=\"Acad\u00e9mie d&#039;Aix - Mus\u00e9e-biblioth\u00e8que Paul-Arbaud\" \/>\n<meta property=\"og:description\" content=\"L\u2019Acad\u00e9mie des sciences, agriculture, arts et belles-lettres d\u2019Aix Une des trente-trois\u00a0acad\u00e9mies de province relevant de la Conf\u00e9rence nationale des Acad\u00e9mies, elle fut reconnue d\u2019utilit\u00e9 publique par ordonnance du roi Charles X en 1829. L\u2019Acad\u00e9mie d\u2019Aix est compos\u00e9e de 40\u00a0membres titulaires, 50\u00a0associ\u00e9s, 70\u00a0correspondants et de membres d\u2019honneur et honoraires et\u2026 \u25a0 se r\u00e9unit le mardi pour [&hellip;]\" \/>\n<meta property=\"og:url\" content=\"https:\/\/museebiblioarbaud.fr\/index.php\/academie-daix\/\" \/>\n<meta property=\"og:site_name\" content=\"Mus\u00e9e-biblioth\u00e8que Paul-Arbaud\" \/>\n<meta property=\"article:modified_time\" content=\"2025-11-25T14:33:39+00:00\" \/>\n<meta property=\"og:image\" content=\"https:\/\/museebiblioarbaud.fr\/wp-content\/uploads\/1808-Basrelief-fondat-Acad.jpg\" \/>\n<meta name=\"twitter:card\" content=\"summary_large_image\" \/>\n<meta name=\"twitter:label1\" content=\"Dur\u00e9e de lecture estim\u00e9e\" \/>\n\t<meta name=\"twitter:data1\" content=\"2 minutes\" \/>\n<script type=\"application\/ld+json\" class=\"yoast-schema-graph\">{\"@context\":\"https:\\\/\\\/schema.org\",\"@graph\":[{\"@type\":\"WebPage\",\"@id\":\"https:\\\/\\\/museebiblioarbaud.fr\\\/index.php\\\/academie-daix\\\/\",\"url\":\"https:\\\/\\\/museebiblioarbaud.fr\\\/index.php\\\/academie-daix\\\/\",\"name\":\"Acad\u00e9mie d'Aix - Mus\u00e9e-biblioth\u00e8que Paul-Arbaud\",\"isPartOf\":{\"@id\":\"https:\\\/\\\/museebiblioarbaud.fr\\\/#website\"},\"primaryImageOfPage\":{\"@id\":\"https:\\\/\\\/museebiblioarbaud.fr\\\/index.php\\\/academie-daix\\\/#primaryimage\"},\"image\":{\"@id\":\"https:\\\/\\\/museebiblioarbaud.fr\\\/index.php\\\/academie-daix\\\/#primaryimage\"},\"thumbnailUrl\":\"https:\\\/\\\/museebiblioarbaud.fr\\\/wp-content\\\/uploads\\\/1808-Basrelief-fondat-Acad.jpg\",\"datePublished\":\"2025-05-26T15:27:11+00:00\",\"dateModified\":\"2025-11-25T14:33:39+00:00\",\"breadcrumb\":{\"@id\":\"https:\\\/\\\/museebiblioarbaud.fr\\\/index.php\\\/academie-daix\\\/#breadcrumb\"},\"inLanguage\":\"fr-FR\",\"potentialAction\":[{\"@type\":\"ReadAction\",\"target\":[\"https:\\\/\\\/museebiblioarbaud.fr\\\/index.php\\\/academie-daix\\\/\"]}]},{\"@type\":\"ImageObject\",\"inLanguage\":\"fr-FR\",\"@id\":\"https:\\\/\\\/museebiblioarbaud.fr\\\/index.php\\\/academie-daix\\\/#primaryimage\",\"url\":\"https:\\\/\\\/museebiblioarbaud.fr\\\/wp-content\\\/uploads\\\/1808-Basrelief-fondat-Acad.jpg\",\"contentUrl\":\"https:\\\/\\\/museebiblioarbaud.fr\\\/wp-content\\\/uploads\\\/1808-Basrelief-fondat-Acad.jpg\",\"width\":921,\"height\":333},{\"@type\":\"BreadcrumbList\",\"@id\":\"https:\\\/\\\/museebiblioarbaud.fr\\\/index.php\\\/academie-daix\\\/#breadcrumb\",\"itemListElement\":[{\"@type\":\"ListItem\",\"position\":1,\"name\":\"Accueil\",\"item\":\"https:\\\/\\\/museebiblioarbaud.fr\\\/\"},{\"@type\":\"ListItem\",\"position\":2,\"name\":\"Acad\u00e9mie d&rsquo;Aix\"}]},{\"@type\":\"WebSite\",\"@id\":\"https:\\\/\\\/museebiblioarbaud.fr\\\/#website\",\"url\":\"https:\\\/\\\/museebiblioarbaud.fr\\\/\",\"name\":\"Mus\u00e9e biblioth\u00e8que Paul-Arbaud\",\"description\":\"L&#039;h\u00f4tel particulier d&#039;un collectionneur bibliophile du XIXe si\u00e8cle, si\u00e8ge de l&#039;Acad\u00e9mie des sciences, agriculture, arts et belles-lettres d&#039;Aix\",\"publisher\":{\"@id\":\"https:\\\/\\\/museebiblioarbaud.fr\\\/#organization\"},\"potentialAction\":[{\"@type\":\"SearchAction\",\"target\":{\"@type\":\"EntryPoint\",\"urlTemplate\":\"https:\\\/\\\/museebiblioarbaud.fr\\\/?s={search_term_string}\"},\"query-input\":{\"@type\":\"PropertyValueSpecification\",\"valueRequired\":true,\"valueName\":\"search_term_string\"}}],\"inLanguage\":\"fr-FR\"},{\"@type\":\"Organization\",\"@id\":\"https:\\\/\\\/museebiblioarbaud.fr\\\/#organization\",\"name\":\"Mus\u00e9e biblioth\u00e8que Paul-Arbaud\",\"url\":\"https:\\\/\\\/museebiblioarbaud.fr\\\/\",\"logo\":{\"@type\":\"ImageObject\",\"inLanguage\":\"fr-FR\",\"@id\":\"https:\\\/\\\/museebiblioarbaud.fr\\\/#\\\/schema\\\/logo\\\/image\\\/\",\"url\":\"https:\\\/\\\/museebiblioarbaud.fr\\\/wp-content\\\/uploads\\\/logoMBPAdevsite.png\",\"contentUrl\":\"https:\\\/\\\/museebiblioarbaud.fr\\\/wp-content\\\/uploads\\\/logoMBPAdevsite.png\",\"width\":617,\"height\":258,\"caption\":\"Mus\u00e9e biblioth\u00e8que Paul-Arbaud\"},\"image\":{\"@id\":\"https:\\\/\\\/museebiblioarbaud.fr\\\/#\\\/schema\\\/logo\\\/image\\\/\"}}]}<\/script>\n<!-- \/ Yoast SEO plugin. -->","yoast_head_json":{"title":"Acad\u00e9mie d'Aix - Mus\u00e9e-biblioth\u00e8que Paul-Arbaud","robots":{"index":"index","follow":"follow","max-snippet":"max-snippet:-1","max-image-preview":"max-image-preview:large","max-video-preview":"max-video-preview:-1"},"canonical":"https:\/\/museebiblioarbaud.fr\/index.php\/academie-daix\/","og_locale":"fr_FR","og_type":"article","og_title":"Acad\u00e9mie d'Aix - Mus\u00e9e-biblioth\u00e8que Paul-Arbaud","og_description":"L\u2019Acad\u00e9mie des sciences, agriculture, arts et belles-lettres d\u2019Aix Une des trente-trois\u00a0acad\u00e9mies de province relevant de la Conf\u00e9rence nationale des Acad\u00e9mies, elle fut reconnue d\u2019utilit\u00e9 publique par ordonnance du roi Charles X en 1829. L\u2019Acad\u00e9mie d\u2019Aix est compos\u00e9e de 40\u00a0membres titulaires, 50\u00a0associ\u00e9s, 70\u00a0correspondants et de membres d\u2019honneur et honoraires et\u2026 \u25a0 se r\u00e9unit le mardi pour [&hellip;]","og_url":"https:\/\/museebiblioarbaud.fr\/index.php\/academie-daix\/","og_site_name":"Mus\u00e9e-biblioth\u00e8que Paul-Arbaud","article_modified_time":"2025-11-25T14:33:39+00:00","og_image":[{"url":"https:\/\/museebiblioarbaud.fr\/wp-content\/uploads\/1808-Basrelief-fondat-Acad.jpg","type":"","width":"","height":""}],"twitter_card":"summary_large_image","twitter_misc":{"Dur\u00e9e de lecture estim\u00e9e":"2 minutes"},"schema":{"@context":"https:\/\/schema.org","@graph":[{"@type":"WebPage","@id":"https:\/\/museebiblioarbaud.fr\/index.php\/academie-daix\/","url":"https:\/\/museebiblioarbaud.fr\/index.php\/academie-daix\/","name":"Acad\u00e9mie d'Aix - Mus\u00e9e-biblioth\u00e8que Paul-Arbaud","isPartOf":{"@id":"https:\/\/museebiblioarbaud.fr\/#website"},"primaryImageOfPage":{"@id":"https:\/\/museebiblioarbaud.fr\/index.php\/academie-daix\/#primaryimage"},"image":{"@id":"https:\/\/museebiblioarbaud.fr\/index.php\/academie-daix\/#primaryimage"},"thumbnailUrl":"https:\/\/museebiblioarbaud.fr\/wp-content\/uploads\/1808-Basrelief-fondat-Acad.jpg","datePublished":"2025-05-26T15:27:11+00:00","dateModified":"2025-11-25T14:33:39+00:00","breadcrumb":{"@id":"https:\/\/museebiblioarbaud.fr\/index.php\/academie-daix\/#breadcrumb"},"inLanguage":"fr-FR","potentialAction":[{"@type":"ReadAction","target":["https:\/\/museebiblioarbaud.fr\/index.php\/academie-daix\/"]}]},{"@type":"ImageObject","inLanguage":"fr-FR","@id":"https:\/\/museebiblioarbaud.fr\/index.php\/academie-daix\/#primaryimage","url":"https:\/\/museebiblioarbaud.fr\/wp-content\/uploads\/1808-Basrelief-fondat-Acad.jpg","contentUrl":"https:\/\/museebiblioarbaud.fr\/wp-content\/uploads\/1808-Basrelief-fondat-Acad.jpg","width":921,"height":333},{"@type":"BreadcrumbList","@id":"https:\/\/museebiblioarbaud.fr\/index.php\/academie-daix\/#breadcrumb","itemListElement":[{"@type":"ListItem","position":1,"name":"Accueil","item":"https:\/\/museebiblioarbaud.fr\/"},{"@type":"ListItem","position":2,"name":"Acad\u00e9mie d&rsquo;Aix"}]},{"@type":"WebSite","@id":"https:\/\/museebiblioarbaud.fr\/#website","url":"https:\/\/museebiblioarbaud.fr\/","name":"Mus\u00e9e biblioth\u00e8que Paul-Arbaud","description":"L&#039;h\u00f4tel particulier d&#039;un collectionneur bibliophile du XIXe si\u00e8cle, si\u00e8ge de l&#039;Acad\u00e9mie des sciences, agriculture, arts et belles-lettres d&#039;Aix","publisher":{"@id":"https:\/\/museebiblioarbaud.fr\/#organization"},"potentialAction":[{"@type":"SearchAction","target":{"@type":"EntryPoint","urlTemplate":"https:\/\/museebiblioarbaud.fr\/?s={search_term_string}"},"query-input":{"@type":"PropertyValueSpecification","valueRequired":true,"valueName":"search_term_string"}}],"inLanguage":"fr-FR"},{"@type":"Organization","@id":"https:\/\/museebiblioarbaud.fr\/#organization","name":"Mus\u00e9e biblioth\u00e8que Paul-Arbaud","url":"https:\/\/museebiblioarbaud.fr\/","logo":{"@type":"ImageObject","inLanguage":"fr-FR","@id":"https:\/\/museebiblioarbaud.fr\/#\/schema\/logo\/image\/","url":"https:\/\/museebiblioarbaud.fr\/wp-content\/uploads\/logoMBPAdevsite.png","contentUrl":"https:\/\/museebiblioarbaud.fr\/wp-content\/uploads\/logoMBPAdevsite.png","width":617,"height":258,"caption":"Mus\u00e9e biblioth\u00e8que Paul-Arbaud"},"image":{"@id":"https:\/\/museebiblioarbaud.fr\/#\/schema\/logo\/image\/"}}]}},"_links":{"self":[{"href":"https:\/\/museebiblioarbaud.fr\/index.php\/wp-json\/wp\/v2\/pages\/1364","targetHints":{"allow":["GET"]}}],"collection":[{"href":"https:\/\/museebiblioarbaud.fr\/index.php\/wp-json\/wp\/v2\/pages"}],"about":[{"href":"https:\/\/museebiblioarbaud.fr\/index.php\/wp-json\/wp\/v2\/types\/page"}],"author":[{"embeddable":true,"href":"https:\/\/museebiblioarbaud.fr\/index.php\/wp-json\/wp\/v2\/users\/1"}],"replies":[{"embeddable":true,"href":"https:\/\/museebiblioarbaud.fr\/index.php\/wp-json\/wp\/v2\/comments?post=1364"}],"version-history":[{"count":67,"href":"https:\/\/museebiblioarbaud.fr\/index.php\/wp-json\/wp\/v2\/pages\/1364\/revisions"}],"predecessor-version":[{"id":2024,"href":"https:\/\/museebiblioarbaud.fr\/index.php\/wp-json\/wp\/v2\/pages\/1364\/revisions\/2024"}],"wp:attachment":[{"href":"https:\/\/museebiblioarbaud.fr\/index.php\/wp-json\/wp\/v2\/media?parent=1364"}],"curies":[{"name":"wp","href":"https:\/\/api.w.org\/{rel}","templated":true}]}}